{"id":2503,"date":"2024-10-07T12:23:19","date_gmt":"2024-10-07T10:23:19","guid":{"rendered":"https:\/\/coppo.ranise.com\/products\/taggiasca-olive-pate\/"},"modified":"2024-10-11T13:36:00","modified_gmt":"2024-10-11T11:36:00","slug":"taggiasca-olive-pate","status":"publish","type":"product","link":"https:\/\/coppo.ranise.com\/en\/products\/taggiasca-olive-pate\/","title":{"rendered":"TAGGIASCA OLIVE P\u00c2T\u00c9"},"content":{"rendered":"<p>Taggiasca olive p\u00e2t\u00e9 is a flavorful spread made from the typical Ligurian olives, with a delicate and slightly fruity taste. Perfect for spreading on crostini, enriching sauces, or accompanying cheeses and meats.<\/p>\n","protected":false},"excerpt":{"rendered":"<p>Available in the format<\/p>\n<p>art: 01267 \u2013 180 g<br \/>\n(pieces per carton 12)<\/p>\n","protected":false},"featured_media":1839,"template":"","meta":[],"product_brand":[],"product_cat":[186,163],"product_tag":[],"class_list":{"0":"post-2503","1":"product","2":"type-product","3":"status-publish","4":"has-post-thumbnail","6":"product_cat-olives","7":"product_cat-specialities","8":"post","10":"first","11":"instock","12":"shipping-taxable","13":"product-type-simple"},"yoast_head":"<!-- This site is optimized with the Yoast SEO plugin v27.3 - https:\/\/yoast.com\/product\/yoast-seo-wordpress\/ -->\n<title>TAGGIASCA OLIVE P\u00c2T\u00c9 - Coppo by Ranise srl<\/title>\n<meta name=\"robots\" content=\"index, follow, max-snippet:-1, max-image-preview:large, max-video-preview:-1\" \/>\n<link rel=\"canonical\" href=\"https:\/\/coppo.ranise.com\/en\/products\/taggiasca-olive-pate\/\" \/>\n<meta property=\"og:locale\" content=\"en_US\" \/>\n<meta property=\"og:type\" content=\"article\" \/>\n<meta property=\"og:title\" content=\"TAGGIASCA OLIVE P\u00c2T\u00c9 - Coppo by Ranise srl\" \/>\n<meta property=\"og:description\" content=\"Available in the format art: 01267 \u2013 180 g (pieces per carton 12)\" \/>\n<meta property=\"og:url\" content=\"https:\/\/coppo.ranise.com\/en\/products\/taggiasca-olive-pate\/\" \/>\n<meta property=\"og:site_name\" content=\"Coppo by Ranise srl\" \/>\n<meta property=\"article:modified_time\" content=\"2024-10-11T11:36:00+00:00\" \/>\n<meta property=\"og:image\" content=\"https:\/\/coppo.ranise.com\/wp-content\/uploads\/2024\/10\/pate-olive-taggiasche-180.jpg\" \/>\n\t<meta property=\"og:image:width\" content=\"1200\" \/>\n\t<meta property=\"og:image:height\" content=\"1300\" \/>\n\t<meta property=\"og:image:type\" content=\"image\/jpeg\" \/>\n<meta name=\"twitter:card\" content=\"summary_large_image\" \/>\n<meta name=\"twitter:label1\" content=\"Est. reading time\" \/>\n\t<meta name=\"twitter:data1\" content=\"1 minute\" \/>\n<script type=\"application\/ld+json\" class=\"yoast-schema-graph\">{\"@context\":\"https:\\\/\\\/schema.org\",\"@graph\":[{\"@type\":\"WebPage\",\"@id\":\"https:\\\/\\\/coppo.ranise.com\\\/en\\\/products\\\/taggiasca-olive-pate\\\/\",\"url\":\"https:\\\/\\\/coppo.ranise.com\\\/en\\\/products\\\/taggiasca-olive-pate\\\/\",\"name\":\"TAGGIASCA OLIVE P\u00c2T\u00c9 - Coppo by Ranise srl\",\"isPartOf\":{\"@id\":\"https:\\\/\\\/coppo.ranise.com\\\/#website\"},\"primaryImageOfPage\":{\"@id\":\"https:\\\/\\\/coppo.ranise.com\\\/en\\\/products\\\/taggiasca-olive-pate\\\/#primaryimage\"},\"image\":{\"@id\":\"https:\\\/\\\/coppo.ranise.com\\\/en\\\/products\\\/taggiasca-olive-pate\\\/#primaryimage\"},\"thumbnailUrl\":\"https:\\\/\\\/coppo.ranise.com\\\/wp-content\\\/uploads\\\/2024\\\/10\\\/pate-olive-taggiasche-180.jpg\",\"datePublished\":\"2024-10-07T10:23:19+00:00\",\"dateModified\":\"2024-10-11T11:36:00+00:00\",\"breadcrumb\":{\"@id\":\"https:\\\/\\\/coppo.ranise.com\\\/en\\\/products\\\/taggiasca-olive-pate\\\/#breadcrumb\"},\"inLanguage\":\"en-US\",\"potentialAction\":[{\"@type\":\"ReadAction\",\"target\":[\"https:\\\/\\\/coppo.ranise.com\\\/en\\\/products\\\/taggiasca-olive-pate\\\/\"]}]},{\"@type\":\"ImageObject\",\"inLanguage\":\"en-US\",\"@id\":\"https:\\\/\\\/coppo.ranise.com\\\/en\\\/products\\\/taggiasca-olive-pate\\\/#primaryimage\",\"url\":\"https:\\\/\\\/coppo.ranise.com\\\/wp-content\\\/uploads\\\/2024\\\/10\\\/pate-olive-taggiasche-180.jpg\",\"contentUrl\":\"https:\\\/\\\/coppo.ranise.com\\\/wp-content\\\/uploads\\\/2024\\\/10\\\/pate-olive-taggiasche-180.jpg\",\"width\":1200,\"height\":1300},{\"@type\":\"BreadcrumbList\",\"@id\":\"https:\\\/\\\/coppo.ranise.com\\\/en\\\/products\\\/taggiasca-olive-pate\\\/#breadcrumb\",\"itemListElement\":[{\"@type\":\"ListItem\",\"position\":1,\"name\":\"Home\",\"item\":\"https:\\\/\\\/coppo.ranise.com\\\/en\\\/\"},{\"@type\":\"ListItem\",\"position\":2,\"name\":\"Products\",\"item\":\"https:\\\/\\\/coppo.ranise.com\\\/en\\\/products\\\/\"},{\"@type\":\"ListItem\",\"position\":3,\"name\":\"TAGGIASCA OLIVE P\u00c2T\u00c9\"}]},{\"@type\":\"WebSite\",\"@id\":\"https:\\\/\\\/coppo.ranise.com\\\/#website\",\"url\":\"https:\\\/\\\/coppo.ranise.com\\\/\",\"name\":\"Coppo by Ranise srl\",\"description\":\"\",\"potentialAction\":[{\"@type\":\"SearchAction\",\"target\":{\"@type\":\"EntryPoint\",\"urlTemplate\":\"https:\\\/\\\/coppo.ranise.com\\\/?s={search_term_string}\"},\"query-input\":{\"@type\":\"PropertyValueSpecification\",\"valueRequired\":true,\"valueName\":\"search_term_string\"}}],\"inLanguage\":\"en-US\"}]}<\/script>\n<!-- \/ Yoast SEO plugin. -->","yoast_head_json":{"title":"TAGGIASCA OLIVE P\u00c2T\u00c9 - Coppo by Ranise srl","robots":{"index":"index","follow":"follow","max-snippet":"max-snippet:-1","max-image-preview":"max-image-preview:large","max-video-preview":"max-video-preview:-1"},"canonical":"https:\/\/coppo.ranise.com\/en\/products\/taggiasca-olive-pate\/","og_locale":"en_US","og_type":"article","og_title":"TAGGIASCA OLIVE P\u00c2T\u00c9 - Coppo by Ranise srl","og_description":"Available in the format art: 01267 \u2013 180 g (pieces per carton 12)","og_url":"https:\/\/coppo.ranise.com\/en\/products\/taggiasca-olive-pate\/","og_site_name":"Coppo by Ranise srl","article_modified_time":"2024-10-11T11:36:00+00:00","og_image":[{"width":1200,"height":1300,"url":"https:\/\/coppo.ranise.com\/wp-content\/uploads\/2024\/10\/pate-olive-taggiasche-180.jpg","type":"image\/jpeg"}],"twitter_card":"summary_large_image","twitter_misc":{"Est. reading time":"1 minute"},"schema":{"@context":"https:\/\/schema.org","@graph":[{"@type":"WebPage","@id":"https:\/\/coppo.ranise.com\/en\/products\/taggiasca-olive-pate\/","url":"https:\/\/coppo.ranise.com\/en\/products\/taggiasca-olive-pate\/","name":"TAGGIASCA OLIVE P\u00c2T\u00c9 - Coppo by Ranise srl","isPartOf":{"@id":"https:\/\/coppo.ranise.com\/#website"},"primaryImageOfPage":{"@id":"https:\/\/coppo.ranise.com\/en\/products\/taggiasca-olive-pate\/#primaryimage"},"image":{"@id":"https:\/\/coppo.ranise.com\/en\/products\/taggiasca-olive-pate\/#primaryimage"},"thumbnailUrl":"https:\/\/coppo.ranise.com\/wp-content\/uploads\/2024\/10\/pate-olive-taggiasche-180.jpg","datePublished":"2024-10-07T10:23:19+00:00","dateModified":"2024-10-11T11:36:00+00:00","breadcrumb":{"@id":"https:\/\/coppo.ranise.com\/en\/products\/taggiasca-olive-pate\/#breadcrumb"},"inLanguage":"en-US","potentialAction":[{"@type":"ReadAction","target":["https:\/\/coppo.ranise.com\/en\/products\/taggiasca-olive-pate\/"]}]},{"@type":"ImageObject","inLanguage":"en-US","@id":"https:\/\/coppo.ranise.com\/en\/products\/taggiasca-olive-pate\/#primaryimage","url":"https:\/\/coppo.ranise.com\/wp-content\/uploads\/2024\/10\/pate-olive-taggiasche-180.jpg","contentUrl":"https:\/\/coppo.ranise.com\/wp-content\/uploads\/2024\/10\/pate-olive-taggiasche-180.jpg","width":1200,"height":1300},{"@type":"BreadcrumbList","@id":"https:\/\/coppo.ranise.com\/en\/products\/taggiasca-olive-pate\/#breadcrumb","itemListElement":[{"@type":"ListItem","position":1,"name":"Home","item":"https:\/\/coppo.ranise.com\/en\/"},{"@type":"ListItem","position":2,"name":"Products","item":"https:\/\/coppo.ranise.com\/en\/products\/"},{"@type":"ListItem","position":3,"name":"TAGGIASCA OLIVE P\u00c2T\u00c9"}]},{"@type":"WebSite","@id":"https:\/\/coppo.ranise.com\/#website","url":"https:\/\/coppo.ranise.com\/","name":"Coppo by Ranise srl","description":"","potentialAction":[{"@type":"SearchAction","target":{"@type":"EntryPoint","urlTemplate":"https:\/\/coppo.ranise.com\/?s={search_term_string}"},"query-input":{"@type":"PropertyValueSpecification","valueRequired":true,"valueName":"search_term_string"}}],"inLanguage":"en-US"}]}},"_links":{"self":[{"href":"https:\/\/coppo.ranise.com\/en\/wp-json\/wp\/v2\/product\/2503","targetHints":{"allow":["GET"]}}],"collection":[{"href":"https:\/\/coppo.ranise.com\/en\/wp-json\/wp\/v2\/product"}],"about":[{"href":"https:\/\/coppo.ranise.com\/en\/wp-json\/wp\/v2\/types\/product"}],"wp:featuredmedia":[{"embeddable":true,"href":"https:\/\/coppo.ranise.com\/en\/wp-json\/wp\/v2\/media\/1839"}],"wp:attachment":[{"href":"https:\/\/coppo.ranise.com\/en\/wp-json\/wp\/v2\/media?parent=2503"}],"wp:term":[{"taxonomy":"product_brand","embeddable":true,"href":"https:\/\/coppo.ranise.com\/en\/wp-json\/wp\/v2\/product_brand?post=2503"},{"taxonomy":"product_cat","embeddable":true,"href":"https:\/\/coppo.ranise.com\/en\/wp-json\/wp\/v2\/product_cat?post=2503"},{"taxonomy":"product_tag","embeddable":true,"href":"https:\/\/coppo.ranise.com\/en\/wp-json\/wp\/v2\/product_tag?post=2503"}],"curies":[{"name":"wp","href":"https:\/\/api.w.org\/{rel}","templated":true}]}}