{"id":2496,"date":"2024-10-07T12:47:00","date_gmt":"2024-10-07T10:47:00","guid":{"rendered":"https:\/\/coppo.ranise.com\/products\/bruschetta-ligure\/"},"modified":"2024-10-07T12:47:00","modified_gmt":"2024-10-07T10:47:00","slug":"bruschetta-ligure","status":"publish","type":"product","link":"https:\/\/coppo.ranise.com\/fr\/products\/bruschetta-ligure\/","title":{"rendered":"BRUSCHETTA LIGURE"},"content":{"rendered":"<p>Le condiment pour bruschetta ligure est un m\u00e9lange savoureux de poivrons, tomates, olives et \u00e9pices, id\u00e9al pour assaisonner le pain grill\u00e9.<\/p>\n","protected":false},"excerpt":{"rendered":"<p>Disponible au format<\/p>\n<p>art: 01274 \u2013 180 g<br \/>\n(pi\u00e8ces par carton 12)<\/p>\n","protected":false},"featured_media":2414,"template":"","meta":[],"product_brand":[],"product_cat":[191,179],"product_tag":[],"class_list":{"0":"post-2496","1":"product","2":"type-product","3":"status-publish","4":"has-post-thumbnail","6":"product_cat-cremes","7":"product_cat-les-specialites","8":"post","10":"first","11":"instock","12":"shipping-taxable","13":"product-type-simple"},"yoast_head":"<!-- This site is optimized with the Yoast SEO plugin v27.3 - https:\/\/yoast.com\/product\/yoast-seo-wordpress\/ -->\n<title>BRUSCHETTA LIGURE - Coppo by Ranise srl<\/title>\n<meta name=\"robots\" content=\"index, follow, max-snippet:-1, max-image-preview:large, max-video-preview:-1\" \/>\n<link rel=\"canonical\" href=\"https:\/\/coppo.ranise.com\/fr\/products\/bruschetta-ligure\/\" \/>\n<meta property=\"og:locale\" content=\"fr_FR\" \/>\n<meta property=\"og:type\" content=\"article\" \/>\n<meta property=\"og:title\" content=\"BRUSCHETTA LIGURE - Coppo by Ranise srl\" \/>\n<meta property=\"og:description\" content=\"Disponible au format art: 01274 \u2013 180 g (pi\u00e8ces par carton 12)\" \/>\n<meta property=\"og:url\" content=\"https:\/\/coppo.ranise.com\/fr\/products\/bruschetta-ligure\/\" \/>\n<meta property=\"og:site_name\" content=\"Coppo by Ranise srl\" \/>\n<meta property=\"og:image\" content=\"https:\/\/coppo.ranise.com\/wp-content\/uploads\/2024\/10\/bruschetta-ligure-180.jpg\" \/>\n\t<meta property=\"og:image:width\" content=\"1200\" \/>\n\t<meta property=\"og:image:height\" content=\"1300\" \/>\n\t<meta property=\"og:image:type\" content=\"image\/jpeg\" \/>\n<meta name=\"twitter:card\" content=\"summary_large_image\" \/>\n<script type=\"application\/ld+json\" class=\"yoast-schema-graph\">{\"@context\":\"https:\\\/\\\/schema.org\",\"@graph\":[{\"@type\":\"WebPage\",\"@id\":\"https:\\\/\\\/coppo.ranise.com\\\/fr\\\/products\\\/bruschetta-ligure\\\/\",\"url\":\"https:\\\/\\\/coppo.ranise.com\\\/fr\\\/products\\\/bruschetta-ligure\\\/\",\"name\":\"BRUSCHETTA LIGURE - Coppo by Ranise srl\",\"isPartOf\":{\"@id\":\"https:\\\/\\\/coppo.ranise.com\\\/#website\"},\"primaryImageOfPage\":{\"@id\":\"https:\\\/\\\/coppo.ranise.com\\\/fr\\\/products\\\/bruschetta-ligure\\\/#primaryimage\"},\"image\":{\"@id\":\"https:\\\/\\\/coppo.ranise.com\\\/fr\\\/products\\\/bruschetta-ligure\\\/#primaryimage\"},\"thumbnailUrl\":\"https:\\\/\\\/coppo.ranise.com\\\/wp-content\\\/uploads\\\/2024\\\/10\\\/bruschetta-ligure-180.jpg\",\"datePublished\":\"2024-10-07T10:47:00+00:00\",\"breadcrumb\":{\"@id\":\"https:\\\/\\\/coppo.ranise.com\\\/fr\\\/products\\\/bruschetta-ligure\\\/#breadcrumb\"},\"inLanguage\":\"fr-FR\",\"potentialAction\":[{\"@type\":\"ReadAction\",\"target\":[\"https:\\\/\\\/coppo.ranise.com\\\/fr\\\/products\\\/bruschetta-ligure\\\/\"]}]},{\"@type\":\"ImageObject\",\"inLanguage\":\"fr-FR\",\"@id\":\"https:\\\/\\\/coppo.ranise.com\\\/fr\\\/products\\\/bruschetta-ligure\\\/#primaryimage\",\"url\":\"https:\\\/\\\/coppo.ranise.com\\\/wp-content\\\/uploads\\\/2024\\\/10\\\/bruschetta-ligure-180.jpg\",\"contentUrl\":\"https:\\\/\\\/coppo.ranise.com\\\/wp-content\\\/uploads\\\/2024\\\/10\\\/bruschetta-ligure-180.jpg\",\"width\":1200,\"height\":1300},{\"@type\":\"BreadcrumbList\",\"@id\":\"https:\\\/\\\/coppo.ranise.com\\\/fr\\\/products\\\/bruschetta-ligure\\\/#breadcrumb\",\"itemListElement\":[{\"@type\":\"ListItem\",\"position\":1,\"name\":\"Home\",\"item\":\"https:\\\/\\\/coppo.ranise.com\\\/fr\\\/\"},{\"@type\":\"ListItem\",\"position\":2,\"name\":\"Produits\",\"item\":\"https:\\\/\\\/coppo.ranise.com\\\/fr\\\/produits\\\/\"},{\"@type\":\"ListItem\",\"position\":3,\"name\":\"BRUSCHETTA LIGURE\"}]},{\"@type\":\"WebSite\",\"@id\":\"https:\\\/\\\/coppo.ranise.com\\\/#website\",\"url\":\"https:\\\/\\\/coppo.ranise.com\\\/\",\"name\":\"Coppo by Ranise srl\",\"description\":\"\",\"potentialAction\":[{\"@type\":\"SearchAction\",\"target\":{\"@type\":\"EntryPoint\",\"urlTemplate\":\"https:\\\/\\\/coppo.ranise.com\\\/?s={search_term_string}\"},\"query-input\":{\"@type\":\"PropertyValueSpecification\",\"valueRequired\":true,\"valueName\":\"search_term_string\"}}],\"inLanguage\":\"fr-FR\"}]}<\/script>\n<!-- \/ Yoast SEO plugin. -->","yoast_head_json":{"title":"BRUSCHETTA LIGURE - Coppo by Ranise srl","robots":{"index":"index","follow":"follow","max-snippet":"max-snippet:-1","max-image-preview":"max-image-preview:large","max-video-preview":"max-video-preview:-1"},"canonical":"https:\/\/coppo.ranise.com\/fr\/products\/bruschetta-ligure\/","og_locale":"fr_FR","og_type":"article","og_title":"BRUSCHETTA LIGURE - Coppo by Ranise srl","og_description":"Disponible au format art: 01274 \u2013 180 g (pi\u00e8ces par carton 12)","og_url":"https:\/\/coppo.ranise.com\/fr\/products\/bruschetta-ligure\/","og_site_name":"Coppo by Ranise srl","og_image":[{"width":1200,"height":1300,"url":"https:\/\/coppo.ranise.com\/wp-content\/uploads\/2024\/10\/bruschetta-ligure-180.jpg","type":"image\/jpeg"}],"twitter_card":"summary_large_image","schema":{"@context":"https:\/\/schema.org","@graph":[{"@type":"WebPage","@id":"https:\/\/coppo.ranise.com\/fr\/products\/bruschetta-ligure\/","url":"https:\/\/coppo.ranise.com\/fr\/products\/bruschetta-ligure\/","name":"BRUSCHETTA LIGURE - Coppo by Ranise srl","isPartOf":{"@id":"https:\/\/coppo.ranise.com\/#website"},"primaryImageOfPage":{"@id":"https:\/\/coppo.ranise.com\/fr\/products\/bruschetta-ligure\/#primaryimage"},"image":{"@id":"https:\/\/coppo.ranise.com\/fr\/products\/bruschetta-ligure\/#primaryimage"},"thumbnailUrl":"https:\/\/coppo.ranise.com\/wp-content\/uploads\/2024\/10\/bruschetta-ligure-180.jpg","datePublished":"2024-10-07T10:47:00+00:00","breadcrumb":{"@id":"https:\/\/coppo.ranise.com\/fr\/products\/bruschetta-ligure\/#breadcrumb"},"inLanguage":"fr-FR","potentialAction":[{"@type":"ReadAction","target":["https:\/\/coppo.ranise.com\/fr\/products\/bruschetta-ligure\/"]}]},{"@type":"ImageObject","inLanguage":"fr-FR","@id":"https:\/\/coppo.ranise.com\/fr\/products\/bruschetta-ligure\/#primaryimage","url":"https:\/\/coppo.ranise.com\/wp-content\/uploads\/2024\/10\/bruschetta-ligure-180.jpg","contentUrl":"https:\/\/coppo.ranise.com\/wp-content\/uploads\/2024\/10\/bruschetta-ligure-180.jpg","width":1200,"height":1300},{"@type":"BreadcrumbList","@id":"https:\/\/coppo.ranise.com\/fr\/products\/bruschetta-ligure\/#breadcrumb","itemListElement":[{"@type":"ListItem","position":1,"name":"Home","item":"https:\/\/coppo.ranise.com\/fr\/"},{"@type":"ListItem","position":2,"name":"Produits","item":"https:\/\/coppo.ranise.com\/fr\/produits\/"},{"@type":"ListItem","position":3,"name":"BRUSCHETTA LIGURE"}]},{"@type":"WebSite","@id":"https:\/\/coppo.ranise.com\/#website","url":"https:\/\/coppo.ranise.com\/","name":"Coppo by Ranise srl","description":"","potentialAction":[{"@type":"SearchAction","target":{"@type":"EntryPoint","urlTemplate":"https:\/\/coppo.ranise.com\/?s={search_term_string}"},"query-input":{"@type":"PropertyValueSpecification","valueRequired":true,"valueName":"search_term_string"}}],"inLanguage":"fr-FR"}]}},"_links":{"self":[{"href":"https:\/\/coppo.ranise.com\/fr\/wp-json\/wp\/v2\/product\/2496","targetHints":{"allow":["GET"]}}],"collection":[{"href":"https:\/\/coppo.ranise.com\/fr\/wp-json\/wp\/v2\/product"}],"about":[{"href":"https:\/\/coppo.ranise.com\/fr\/wp-json\/wp\/v2\/types\/product"}],"wp:featuredmedia":[{"embeddable":true,"href":"https:\/\/coppo.ranise.com\/fr\/wp-json\/wp\/v2\/media\/2414"}],"wp:attachment":[{"href":"https:\/\/coppo.ranise.com\/fr\/wp-json\/wp\/v2\/media?parent=2496"}],"wp:term":[{"taxonomy":"product_brand","embeddable":true,"href":"https:\/\/coppo.ranise.com\/fr\/wp-json\/wp\/v2\/product_brand?post=2496"},{"taxonomy":"product_cat","embeddable":true,"href":"https:\/\/coppo.ranise.com\/fr\/wp-json\/wp\/v2\/product_cat?post=2496"},{"taxonomy":"product_tag","embeddable":true,"href":"https:\/\/coppo.ranise.com\/fr\/wp-json\/wp\/v2\/product_tag?post=2496"}],"curies":[{"name":"wp","href":"https:\/\/api.w.org\/{rel}","templated":true}]}}