{"id":2500,"date":"2024-10-07T12:29:48","date_gmt":"2024-10-07T10:29:48","guid":{"rendered":"https:\/\/coppo.ranise.com\/products\/pate-aux-olives-noires\/"},"modified":"2024-10-07T12:29:48","modified_gmt":"2024-10-07T10:29:48","slug":"pate-aux-olives-noires","status":"publish","type":"product","link":"https:\/\/coppo.ranise.com\/fr\/products\/pate-aux-olives-noires\/","title":{"rendered":"P\u00c2T\u00c9 AUX OLIVES NOIRES"},"content":{"rendered":"<p>Le p\u00e2t\u00e9 aux olives noires est une cr\u00e8me au go\u00fbt intense et l\u00e9g\u00e8rement amer, pr\u00e9par\u00e9e avec des olives noires, de l&rsquo;huile d&rsquo;olive et des herbes aromatiques. Parfait pour assaisonner des bruschettas, des p\u00e2tes ou pour enrichir des plats de viande et de poisson.<\/p>\n","protected":false},"excerpt":{"rendered":"<p>Disponible au formato<\/p>\n<p>art: 02123 \u2013 180 g<br \/>\n(pi\u00e8ces par carton 12)<\/p>\n","protected":false},"featured_media":2408,"template":"","meta":[],"product_brand":[],"product_cat":[179,192],"product_tag":[],"class_list":{"0":"post-2500","1":"product","2":"type-product","3":"status-publish","4":"has-post-thumbnail","6":"product_cat-les-specialites","7":"product_cat-olives-fr","8":"post","10":"first","11":"instock","12":"shipping-taxable","13":"product-type-simple"},"yoast_head":"<!-- This site is optimized with the Yoast SEO plugin v27.4 - https:\/\/yoast.com\/product\/yoast-seo-wordpress\/ -->\n<title>P\u00c2T\u00c9 AUX OLIVES NOIRES - Coppo by Ranise srl<\/title>\n<meta name=\"robots\" content=\"index, follow, max-snippet:-1, max-image-preview:large, max-video-preview:-1\" \/>\n<link rel=\"canonical\" href=\"https:\/\/coppo.ranise.com\/fr\/products\/pate-aux-olives-noires\/\" \/>\n<meta property=\"og:locale\" content=\"fr_FR\" \/>\n<meta property=\"og:type\" content=\"article\" \/>\n<meta property=\"og:title\" content=\"P\u00c2T\u00c9 AUX OLIVES NOIRES - Coppo by Ranise srl\" \/>\n<meta property=\"og:description\" content=\"Disponible au formato art: 02123 \u2013 180 g (pi\u00e8ces par carton 12)\" \/>\n<meta property=\"og:url\" content=\"https:\/\/coppo.ranise.com\/fr\/products\/pate-aux-olives-noires\/\" \/>\n<meta property=\"og:site_name\" content=\"Coppo by Ranise srl\" \/>\n<meta property=\"og:image\" content=\"https:\/\/coppo.ranise.com\/wp-content\/uploads\/2024\/10\/pate-olive-nere-180.jpg\" \/>\n\t<meta property=\"og:image:width\" content=\"1200\" \/>\n\t<meta property=\"og:image:height\" content=\"1300\" \/>\n\t<meta property=\"og:image:type\" content=\"image\/jpeg\" \/>\n<meta name=\"twitter:card\" content=\"summary_large_image\" \/>\n<script type=\"application\/ld+json\" class=\"yoast-schema-graph\">{\"@context\":\"https:\\\/\\\/schema.org\",\"@graph\":[{\"@type\":\"WebPage\",\"@id\":\"https:\\\/\\\/coppo.ranise.com\\\/fr\\\/products\\\/pate-aux-olives-noires\\\/\",\"url\":\"https:\\\/\\\/coppo.ranise.com\\\/fr\\\/products\\\/pate-aux-olives-noires\\\/\",\"name\":\"P\u00c2T\u00c9 AUX OLIVES NOIRES - Coppo by Ranise srl\",\"isPartOf\":{\"@id\":\"https:\\\/\\\/coppo.ranise.com\\\/#website\"},\"primaryImageOfPage\":{\"@id\":\"https:\\\/\\\/coppo.ranise.com\\\/fr\\\/products\\\/pate-aux-olives-noires\\\/#primaryimage\"},\"image\":{\"@id\":\"https:\\\/\\\/coppo.ranise.com\\\/fr\\\/products\\\/pate-aux-olives-noires\\\/#primaryimage\"},\"thumbnailUrl\":\"https:\\\/\\\/coppo.ranise.com\\\/wp-content\\\/uploads\\\/2024\\\/10\\\/pate-olive-nere-180.jpg\",\"datePublished\":\"2024-10-07T10:29:48+00:00\",\"breadcrumb\":{\"@id\":\"https:\\\/\\\/coppo.ranise.com\\\/fr\\\/products\\\/pate-aux-olives-noires\\\/#breadcrumb\"},\"inLanguage\":\"fr-FR\",\"potentialAction\":[{\"@type\":\"ReadAction\",\"target\":[\"https:\\\/\\\/coppo.ranise.com\\\/fr\\\/products\\\/pate-aux-olives-noires\\\/\"]}]},{\"@type\":\"ImageObject\",\"inLanguage\":\"fr-FR\",\"@id\":\"https:\\\/\\\/coppo.ranise.com\\\/fr\\\/products\\\/pate-aux-olives-noires\\\/#primaryimage\",\"url\":\"https:\\\/\\\/coppo.ranise.com\\\/wp-content\\\/uploads\\\/2024\\\/10\\\/pate-olive-nere-180.jpg\",\"contentUrl\":\"https:\\\/\\\/coppo.ranise.com\\\/wp-content\\\/uploads\\\/2024\\\/10\\\/pate-olive-nere-180.jpg\",\"width\":1200,\"height\":1300},{\"@type\":\"BreadcrumbList\",\"@id\":\"https:\\\/\\\/coppo.ranise.com\\\/fr\\\/products\\\/pate-aux-olives-noires\\\/#breadcrumb\",\"itemListElement\":[{\"@type\":\"ListItem\",\"position\":1,\"name\":\"Home\",\"item\":\"https:\\\/\\\/coppo.ranise.com\\\/fr\\\/\"},{\"@type\":\"ListItem\",\"position\":2,\"name\":\"Produits\",\"item\":\"https:\\\/\\\/coppo.ranise.com\\\/fr\\\/produits\\\/\"},{\"@type\":\"ListItem\",\"position\":3,\"name\":\"P\u00c2T\u00c9 AUX OLIVES NOIRES\"}]},{\"@type\":\"WebSite\",\"@id\":\"https:\\\/\\\/coppo.ranise.com\\\/#website\",\"url\":\"https:\\\/\\\/coppo.ranise.com\\\/\",\"name\":\"Coppo by Ranise srl\",\"description\":\"\",\"potentialAction\":[{\"@type\":\"SearchAction\",\"target\":{\"@type\":\"EntryPoint\",\"urlTemplate\":\"https:\\\/\\\/coppo.ranise.com\\\/?s={search_term_string}\"},\"query-input\":{\"@type\":\"PropertyValueSpecification\",\"valueRequired\":true,\"valueName\":\"search_term_string\"}}],\"inLanguage\":\"fr-FR\"}]}<\/script>\n<!-- \/ Yoast SEO plugin. -->","yoast_head_json":{"title":"P\u00c2T\u00c9 AUX OLIVES NOIRES - Coppo by Ranise srl","robots":{"index":"index","follow":"follow","max-snippet":"max-snippet:-1","max-image-preview":"max-image-preview:large","max-video-preview":"max-video-preview:-1"},"canonical":"https:\/\/coppo.ranise.com\/fr\/products\/pate-aux-olives-noires\/","og_locale":"fr_FR","og_type":"article","og_title":"P\u00c2T\u00c9 AUX OLIVES NOIRES - Coppo by Ranise srl","og_description":"Disponible au formato art: 02123 \u2013 180 g (pi\u00e8ces par carton 12)","og_url":"https:\/\/coppo.ranise.com\/fr\/products\/pate-aux-olives-noires\/","og_site_name":"Coppo by Ranise srl","og_image":[{"width":1200,"height":1300,"url":"https:\/\/coppo.ranise.com\/wp-content\/uploads\/2024\/10\/pate-olive-nere-180.jpg","type":"image\/jpeg"}],"twitter_card":"summary_large_image","schema":{"@context":"https:\/\/schema.org","@graph":[{"@type":"WebPage","@id":"https:\/\/coppo.ranise.com\/fr\/products\/pate-aux-olives-noires\/","url":"https:\/\/coppo.ranise.com\/fr\/products\/pate-aux-olives-noires\/","name":"P\u00c2T\u00c9 AUX OLIVES NOIRES - Coppo by Ranise srl","isPartOf":{"@id":"https:\/\/coppo.ranise.com\/#website"},"primaryImageOfPage":{"@id":"https:\/\/coppo.ranise.com\/fr\/products\/pate-aux-olives-noires\/#primaryimage"},"image":{"@id":"https:\/\/coppo.ranise.com\/fr\/products\/pate-aux-olives-noires\/#primaryimage"},"thumbnailUrl":"https:\/\/coppo.ranise.com\/wp-content\/uploads\/2024\/10\/pate-olive-nere-180.jpg","datePublished":"2024-10-07T10:29:48+00:00","breadcrumb":{"@id":"https:\/\/coppo.ranise.com\/fr\/products\/pate-aux-olives-noires\/#breadcrumb"},"inLanguage":"fr-FR","potentialAction":[{"@type":"ReadAction","target":["https:\/\/coppo.ranise.com\/fr\/products\/pate-aux-olives-noires\/"]}]},{"@type":"ImageObject","inLanguage":"fr-FR","@id":"https:\/\/coppo.ranise.com\/fr\/products\/pate-aux-olives-noires\/#primaryimage","url":"https:\/\/coppo.ranise.com\/wp-content\/uploads\/2024\/10\/pate-olive-nere-180.jpg","contentUrl":"https:\/\/coppo.ranise.com\/wp-content\/uploads\/2024\/10\/pate-olive-nere-180.jpg","width":1200,"height":1300},{"@type":"BreadcrumbList","@id":"https:\/\/coppo.ranise.com\/fr\/products\/pate-aux-olives-noires\/#breadcrumb","itemListElement":[{"@type":"ListItem","position":1,"name":"Home","item":"https:\/\/coppo.ranise.com\/fr\/"},{"@type":"ListItem","position":2,"name":"Produits","item":"https:\/\/coppo.ranise.com\/fr\/produits\/"},{"@type":"ListItem","position":3,"name":"P\u00c2T\u00c9 AUX OLIVES NOIRES"}]},{"@type":"WebSite","@id":"https:\/\/coppo.ranise.com\/#website","url":"https:\/\/coppo.ranise.com\/","name":"Coppo by Ranise srl","description":"","potentialAction":[{"@type":"SearchAction","target":{"@type":"EntryPoint","urlTemplate":"https:\/\/coppo.ranise.com\/?s={search_term_string}"},"query-input":{"@type":"PropertyValueSpecification","valueRequired":true,"valueName":"search_term_string"}}],"inLanguage":"fr-FR"}]}},"_links":{"self":[{"href":"https:\/\/coppo.ranise.com\/fr\/wp-json\/wp\/v2\/product\/2500","targetHints":{"allow":["GET"]}}],"collection":[{"href":"https:\/\/coppo.ranise.com\/fr\/wp-json\/wp\/v2\/product"}],"about":[{"href":"https:\/\/coppo.ranise.com\/fr\/wp-json\/wp\/v2\/types\/product"}],"wp:featuredmedia":[{"embeddable":true,"href":"https:\/\/coppo.ranise.com\/fr\/wp-json\/wp\/v2\/media\/2408"}],"wp:attachment":[{"href":"https:\/\/coppo.ranise.com\/fr\/wp-json\/wp\/v2\/media?parent=2500"}],"wp:term":[{"taxonomy":"product_brand","embeddable":true,"href":"https:\/\/coppo.ranise.com\/fr\/wp-json\/wp\/v2\/product_brand?post=2500"},{"taxonomy":"product_cat","embeddable":true,"href":"https:\/\/coppo.ranise.com\/fr\/wp-json\/wp\/v2\/product_cat?post=2500"},{"taxonomy":"product_tag","embeddable":true,"href":"https:\/\/coppo.ranise.com\/fr\/wp-json\/wp\/v2\/product_tag?post=2500"}],"curies":[{"name":"wp","href":"https:\/\/api.w.org\/{rel}","templated":true}]}}