{"id":2506,"date":"2024-10-07T13:22:59","date_gmt":"2024-10-07T11:22:59","guid":{"rendered":"https:\/\/coppo.ranise.com\/products\/olives-taggiasca-denoyautees-avec-un-filet-dhuile\/"},"modified":"2024-10-07T13:22:59","modified_gmt":"2024-10-07T11:22:59","slug":"olives-taggiasca-denoyautees-avec-un-filet-dhuile","status":"publish","type":"product","link":"https:\/\/coppo.ranise.com\/fr\/products\/olives-taggiasca-denoyautees-avec-un-filet-dhuile\/","title":{"rendered":"OLIVES TAGGIASCA D\u00c9NOYAUT\u00c9ES avec un filet d&rsquo;huile"},"content":{"rendered":"<p>Les olives taggiasches d\u00e9noyaut\u00e9es avec un filet d&rsquo;huile sont de petits fruits au go\u00fbt d\u00e9licat et l\u00e9g\u00e8rement sucr\u00e9, typiques de la Ligurie. Conserv\u00e9es dans de l&rsquo;huile d&rsquo;olive, elles conservent leur texture moelleuse et sont parfaites pour enrichir les salades, les antipasti ou les plats de p\u00e2tes.<\/p>\n","protected":false},"excerpt":{"rendered":"<p>Disponible au formato<\/p>\n<p>art: 02173 \u2013 110 g<br \/>\n(pi\u00e8ces par carton 12)<\/p>\n","protected":false},"featured_media":2407,"template":"","meta":[],"product_brand":[],"product_cat":[179,192],"product_tag":[],"class_list":{"0":"post-2506","1":"product","2":"type-product","3":"status-publish","4":"has-post-thumbnail","6":"product_cat-les-specialites","7":"product_cat-olives-fr","8":"post","10":"first","11":"instock","12":"shipping-taxable","13":"product-type-simple"},"yoast_head":"<!-- This site is optimized with the Yoast SEO plugin v27.3 - https:\/\/yoast.com\/product\/yoast-seo-wordpress\/ -->\n<title>OLIVES TAGGIASCA D\u00c9NOYAUT\u00c9ES avec un filet d&#039;huile - Coppo by Ranise srl<\/title>\n<meta name=\"robots\" content=\"index, follow, max-snippet:-1, max-image-preview:large, max-video-preview:-1\" \/>\n<link rel=\"canonical\" href=\"https:\/\/coppo.ranise.com\/fr\/products\/olives-taggiasca-denoyautees-avec-un-filet-dhuile\/\" \/>\n<meta property=\"og:locale\" content=\"fr_FR\" \/>\n<meta property=\"og:type\" content=\"article\" \/>\n<meta property=\"og:title\" content=\"OLIVES TAGGIASCA D\u00c9NOYAUT\u00c9ES avec un filet d&#039;huile - Coppo by Ranise srl\" \/>\n<meta property=\"og:description\" content=\"Disponible au formato art: 02173 \u2013 110 g (pi\u00e8ces par carton 12)\" \/>\n<meta property=\"og:url\" content=\"https:\/\/coppo.ranise.com\/fr\/products\/olives-taggiasca-denoyautees-avec-un-filet-dhuile\/\" \/>\n<meta property=\"og:site_name\" content=\"Coppo by Ranise srl\" \/>\n<meta property=\"og:image\" content=\"https:\/\/coppo.ranise.com\/wp-content\/uploads\/2024\/10\/olive-tagg-snocc-110.jpg\" \/>\n\t<meta property=\"og:image:width\" content=\"1200\" \/>\n\t<meta property=\"og:image:height\" content=\"1300\" \/>\n\t<meta property=\"og:image:type\" content=\"image\/jpeg\" \/>\n<meta name=\"twitter:card\" content=\"summary_large_image\" \/>\n<script type=\"application\/ld+json\" class=\"yoast-schema-graph\">{\"@context\":\"https:\\\/\\\/schema.org\",\"@graph\":[{\"@type\":\"WebPage\",\"@id\":\"https:\\\/\\\/coppo.ranise.com\\\/fr\\\/products\\\/olives-taggiasca-denoyautees-avec-un-filet-dhuile\\\/\",\"url\":\"https:\\\/\\\/coppo.ranise.com\\\/fr\\\/products\\\/olives-taggiasca-denoyautees-avec-un-filet-dhuile\\\/\",\"name\":\"OLIVES TAGGIASCA D\u00c9NOYAUT\u00c9ES avec un filet d'huile - Coppo by Ranise srl\",\"isPartOf\":{\"@id\":\"https:\\\/\\\/coppo.ranise.com\\\/#website\"},\"primaryImageOfPage\":{\"@id\":\"https:\\\/\\\/coppo.ranise.com\\\/fr\\\/products\\\/olives-taggiasca-denoyautees-avec-un-filet-dhuile\\\/#primaryimage\"},\"image\":{\"@id\":\"https:\\\/\\\/coppo.ranise.com\\\/fr\\\/products\\\/olives-taggiasca-denoyautees-avec-un-filet-dhuile\\\/#primaryimage\"},\"thumbnailUrl\":\"https:\\\/\\\/coppo.ranise.com\\\/wp-content\\\/uploads\\\/2024\\\/10\\\/olive-tagg-snocc-110.jpg\",\"datePublished\":\"2024-10-07T11:22:59+00:00\",\"breadcrumb\":{\"@id\":\"https:\\\/\\\/coppo.ranise.com\\\/fr\\\/products\\\/olives-taggiasca-denoyautees-avec-un-filet-dhuile\\\/#breadcrumb\"},\"inLanguage\":\"fr-FR\",\"potentialAction\":[{\"@type\":\"ReadAction\",\"target\":[\"https:\\\/\\\/coppo.ranise.com\\\/fr\\\/products\\\/olives-taggiasca-denoyautees-avec-un-filet-dhuile\\\/\"]}]},{\"@type\":\"ImageObject\",\"inLanguage\":\"fr-FR\",\"@id\":\"https:\\\/\\\/coppo.ranise.com\\\/fr\\\/products\\\/olives-taggiasca-denoyautees-avec-un-filet-dhuile\\\/#primaryimage\",\"url\":\"https:\\\/\\\/coppo.ranise.com\\\/wp-content\\\/uploads\\\/2024\\\/10\\\/olive-tagg-snocc-110.jpg\",\"contentUrl\":\"https:\\\/\\\/coppo.ranise.com\\\/wp-content\\\/uploads\\\/2024\\\/10\\\/olive-tagg-snocc-110.jpg\",\"width\":1200,\"height\":1300},{\"@type\":\"BreadcrumbList\",\"@id\":\"https:\\\/\\\/coppo.ranise.com\\\/fr\\\/products\\\/olives-taggiasca-denoyautees-avec-un-filet-dhuile\\\/#breadcrumb\",\"itemListElement\":[{\"@type\":\"ListItem\",\"position\":1,\"name\":\"Home\",\"item\":\"https:\\\/\\\/coppo.ranise.com\\\/fr\\\/\"},{\"@type\":\"ListItem\",\"position\":2,\"name\":\"Produits\",\"item\":\"https:\\\/\\\/coppo.ranise.com\\\/fr\\\/produits\\\/\"},{\"@type\":\"ListItem\",\"position\":3,\"name\":\"OLIVES TAGGIASCA D\u00c9NOYAUT\u00c9ES avec un filet d&#8217;huile\"}]},{\"@type\":\"WebSite\",\"@id\":\"https:\\\/\\\/coppo.ranise.com\\\/#website\",\"url\":\"https:\\\/\\\/coppo.ranise.com\\\/\",\"name\":\"Coppo by Ranise srl\",\"description\":\"\",\"potentialAction\":[{\"@type\":\"SearchAction\",\"target\":{\"@type\":\"EntryPoint\",\"urlTemplate\":\"https:\\\/\\\/coppo.ranise.com\\\/?s={search_term_string}\"},\"query-input\":{\"@type\":\"PropertyValueSpecification\",\"valueRequired\":true,\"valueName\":\"search_term_string\"}}],\"inLanguage\":\"fr-FR\"}]}<\/script>\n<!-- \/ Yoast SEO plugin. -->","yoast_head_json":{"title":"OLIVES TAGGIASCA D\u00c9NOYAUT\u00c9ES avec un filet d'huile - Coppo by Ranise srl","robots":{"index":"index","follow":"follow","max-snippet":"max-snippet:-1","max-image-preview":"max-image-preview:large","max-video-preview":"max-video-preview:-1"},"canonical":"https:\/\/coppo.ranise.com\/fr\/products\/olives-taggiasca-denoyautees-avec-un-filet-dhuile\/","og_locale":"fr_FR","og_type":"article","og_title":"OLIVES TAGGIASCA D\u00c9NOYAUT\u00c9ES avec un filet d'huile - Coppo by Ranise srl","og_description":"Disponible au formato art: 02173 \u2013 110 g (pi\u00e8ces par carton 12)","og_url":"https:\/\/coppo.ranise.com\/fr\/products\/olives-taggiasca-denoyautees-avec-un-filet-dhuile\/","og_site_name":"Coppo by Ranise srl","og_image":[{"width":1200,"height":1300,"url":"https:\/\/coppo.ranise.com\/wp-content\/uploads\/2024\/10\/olive-tagg-snocc-110.jpg","type":"image\/jpeg"}],"twitter_card":"summary_large_image","schema":{"@context":"https:\/\/schema.org","@graph":[{"@type":"WebPage","@id":"https:\/\/coppo.ranise.com\/fr\/products\/olives-taggiasca-denoyautees-avec-un-filet-dhuile\/","url":"https:\/\/coppo.ranise.com\/fr\/products\/olives-taggiasca-denoyautees-avec-un-filet-dhuile\/","name":"OLIVES TAGGIASCA D\u00c9NOYAUT\u00c9ES avec un filet d'huile - Coppo by Ranise srl","isPartOf":{"@id":"https:\/\/coppo.ranise.com\/#website"},"primaryImageOfPage":{"@id":"https:\/\/coppo.ranise.com\/fr\/products\/olives-taggiasca-denoyautees-avec-un-filet-dhuile\/#primaryimage"},"image":{"@id":"https:\/\/coppo.ranise.com\/fr\/products\/olives-taggiasca-denoyautees-avec-un-filet-dhuile\/#primaryimage"},"thumbnailUrl":"https:\/\/coppo.ranise.com\/wp-content\/uploads\/2024\/10\/olive-tagg-snocc-110.jpg","datePublished":"2024-10-07T11:22:59+00:00","breadcrumb":{"@id":"https:\/\/coppo.ranise.com\/fr\/products\/olives-taggiasca-denoyautees-avec-un-filet-dhuile\/#breadcrumb"},"inLanguage":"fr-FR","potentialAction":[{"@type":"ReadAction","target":["https:\/\/coppo.ranise.com\/fr\/products\/olives-taggiasca-denoyautees-avec-un-filet-dhuile\/"]}]},{"@type":"ImageObject","inLanguage":"fr-FR","@id":"https:\/\/coppo.ranise.com\/fr\/products\/olives-taggiasca-denoyautees-avec-un-filet-dhuile\/#primaryimage","url":"https:\/\/coppo.ranise.com\/wp-content\/uploads\/2024\/10\/olive-tagg-snocc-110.jpg","contentUrl":"https:\/\/coppo.ranise.com\/wp-content\/uploads\/2024\/10\/olive-tagg-snocc-110.jpg","width":1200,"height":1300},{"@type":"BreadcrumbList","@id":"https:\/\/coppo.ranise.com\/fr\/products\/olives-taggiasca-denoyautees-avec-un-filet-dhuile\/#breadcrumb","itemListElement":[{"@type":"ListItem","position":1,"name":"Home","item":"https:\/\/coppo.ranise.com\/fr\/"},{"@type":"ListItem","position":2,"name":"Produits","item":"https:\/\/coppo.ranise.com\/fr\/produits\/"},{"@type":"ListItem","position":3,"name":"OLIVES TAGGIASCA D\u00c9NOYAUT\u00c9ES avec un filet d&#8217;huile"}]},{"@type":"WebSite","@id":"https:\/\/coppo.ranise.com\/#website","url":"https:\/\/coppo.ranise.com\/","name":"Coppo by Ranise srl","description":"","potentialAction":[{"@type":"SearchAction","target":{"@type":"EntryPoint","urlTemplate":"https:\/\/coppo.ranise.com\/?s={search_term_string}"},"query-input":{"@type":"PropertyValueSpecification","valueRequired":true,"valueName":"search_term_string"}}],"inLanguage":"fr-FR"}]}},"_links":{"self":[{"href":"https:\/\/coppo.ranise.com\/fr\/wp-json\/wp\/v2\/product\/2506","targetHints":{"allow":["GET"]}}],"collection":[{"href":"https:\/\/coppo.ranise.com\/fr\/wp-json\/wp\/v2\/product"}],"about":[{"href":"https:\/\/coppo.ranise.com\/fr\/wp-json\/wp\/v2\/types\/product"}],"wp:featuredmedia":[{"embeddable":true,"href":"https:\/\/coppo.ranise.com\/fr\/wp-json\/wp\/v2\/media\/2407"}],"wp:attachment":[{"href":"https:\/\/coppo.ranise.com\/fr\/wp-json\/wp\/v2\/media?parent=2506"}],"wp:term":[{"taxonomy":"product_brand","embeddable":true,"href":"https:\/\/coppo.ranise.com\/fr\/wp-json\/wp\/v2\/product_brand?post=2506"},{"taxonomy":"product_cat","embeddable":true,"href":"https:\/\/coppo.ranise.com\/fr\/wp-json\/wp\/v2\/product_cat?post=2506"},{"taxonomy":"product_tag","embeddable":true,"href":"https:\/\/coppo.ranise.com\/fr\/wp-json\/wp\/v2\/product_tag?post=2506"}],"curies":[{"name":"wp","href":"https:\/\/api.w.org\/{rel}","templated":true}]}}