{"id":2514,"date":"2024-10-07T11:55:34","date_gmt":"2024-10-07T09:55:34","guid":{"rendered":"https:\/\/coppo.ranise.com\/products\/pesto-a-la-sauge\/"},"modified":"2024-10-17T19:06:46","modified_gmt":"2024-10-17T17:06:46","slug":"pesto-a-la-sauge","status":"publish","type":"product","link":"https:\/\/coppo.ranise.com\/fr\/products\/pesto-a-la-sauge\/","title":{"rendered":"PESTO \u00c0 LA SAUGE"},"content":{"rendered":"<p>Le pesto \u00e0 la sauge est une variante aromatique du pesto classique, r\u00e9alis\u00e9 avec des feuilles de sauge. Il a une saveur intense et l\u00e9g\u00e8rement herbac\u00e9e, id\u00e9al pour assaisonner les p\u00e2tes ou enrichir les plats principaux.<\/p>\n","protected":false},"excerpt":{"rendered":"<p>Disponible au formato<\/p>\n<p>art: 21283 \u2013 180 g<br \/>\n(pi\u00e8ces par carton 12)<\/p>\n","protected":false},"featured_media":2420,"template":"","meta":[],"product_brand":[],"product_cat":[190,179],"product_tag":[],"class_list":{"0":"post-2514","1":"product","2":"type-product","3":"status-publish","4":"has-post-thumbnail","6":"product_cat-i-pesti-fr","7":"product_cat-les-specialites","8":"post","10":"first","11":"instock","12":"shipping-taxable","13":"product-type-simple"},"yoast_head":"<!-- This site is optimized with the Yoast SEO plugin v27.3 - https:\/\/yoast.com\/product\/yoast-seo-wordpress\/ -->\n<title>PESTO \u00c0 LA SAUGE - Coppo by Ranise srl<\/title>\n<meta name=\"robots\" content=\"index, follow, max-snippet:-1, max-image-preview:large, max-video-preview:-1\" \/>\n<link rel=\"canonical\" href=\"https:\/\/coppo.ranise.com\/fr\/products\/pesto-a-la-sauge\/\" \/>\n<meta property=\"og:locale\" content=\"fr_FR\" \/>\n<meta property=\"og:type\" content=\"article\" \/>\n<meta property=\"og:title\" content=\"PESTO \u00c0 LA SAUGE - Coppo by Ranise srl\" \/>\n<meta property=\"og:description\" content=\"Disponible au formato art: 21283 \u2013 180 g (pi\u00e8ces par carton 12)\" \/>\n<meta property=\"og:url\" content=\"https:\/\/coppo.ranise.com\/fr\/products\/pesto-a-la-sauge\/\" \/>\n<meta property=\"og:site_name\" content=\"Coppo by Ranise srl\" \/>\n<meta property=\"article:modified_time\" content=\"2024-10-17T17:06:46+00:00\" \/>\n<meta property=\"og:image\" content=\"https:\/\/coppo.ranise.com\/wp-content\/uploads\/2024\/10\/pesto-alla-salvia-180.jpg\" \/>\n\t<meta property=\"og:image:width\" content=\"1200\" \/>\n\t<meta property=\"og:image:height\" content=\"1300\" \/>\n\t<meta property=\"og:image:type\" content=\"image\/jpeg\" \/>\n<meta name=\"twitter:card\" content=\"summary_large_image\" \/>\n<meta name=\"twitter:label1\" content=\"Dur\u00e9e de lecture estim\u00e9e\" \/>\n\t<meta name=\"twitter:data1\" content=\"1 minute\" \/>\n<script type=\"application\/ld+json\" class=\"yoast-schema-graph\">{\"@context\":\"https:\\\/\\\/schema.org\",\"@graph\":[{\"@type\":\"WebPage\",\"@id\":\"https:\\\/\\\/coppo.ranise.com\\\/fr\\\/products\\\/pesto-a-la-sauge\\\/\",\"url\":\"https:\\\/\\\/coppo.ranise.com\\\/fr\\\/products\\\/pesto-a-la-sauge\\\/\",\"name\":\"PESTO \u00c0 LA SAUGE - Coppo by Ranise srl\",\"isPartOf\":{\"@id\":\"https:\\\/\\\/coppo.ranise.com\\\/#website\"},\"primaryImageOfPage\":{\"@id\":\"https:\\\/\\\/coppo.ranise.com\\\/fr\\\/products\\\/pesto-a-la-sauge\\\/#primaryimage\"},\"image\":{\"@id\":\"https:\\\/\\\/coppo.ranise.com\\\/fr\\\/products\\\/pesto-a-la-sauge\\\/#primaryimage\"},\"thumbnailUrl\":\"https:\\\/\\\/coppo.ranise.com\\\/wp-content\\\/uploads\\\/2024\\\/10\\\/pesto-alla-salvia-180.jpg\",\"datePublished\":\"2024-10-07T09:55:34+00:00\",\"dateModified\":\"2024-10-17T17:06:46+00:00\",\"breadcrumb\":{\"@id\":\"https:\\\/\\\/coppo.ranise.com\\\/fr\\\/products\\\/pesto-a-la-sauge\\\/#breadcrumb\"},\"inLanguage\":\"fr-FR\",\"potentialAction\":[{\"@type\":\"ReadAction\",\"target\":[\"https:\\\/\\\/coppo.ranise.com\\\/fr\\\/products\\\/pesto-a-la-sauge\\\/\"]}]},{\"@type\":\"ImageObject\",\"inLanguage\":\"fr-FR\",\"@id\":\"https:\\\/\\\/coppo.ranise.com\\\/fr\\\/products\\\/pesto-a-la-sauge\\\/#primaryimage\",\"url\":\"https:\\\/\\\/coppo.ranise.com\\\/wp-content\\\/uploads\\\/2024\\\/10\\\/pesto-alla-salvia-180.jpg\",\"contentUrl\":\"https:\\\/\\\/coppo.ranise.com\\\/wp-content\\\/uploads\\\/2024\\\/10\\\/pesto-alla-salvia-180.jpg\",\"width\":1200,\"height\":1300},{\"@type\":\"BreadcrumbList\",\"@id\":\"https:\\\/\\\/coppo.ranise.com\\\/fr\\\/products\\\/pesto-a-la-sauge\\\/#breadcrumb\",\"itemListElement\":[{\"@type\":\"ListItem\",\"position\":1,\"name\":\"Home\",\"item\":\"https:\\\/\\\/coppo.ranise.com\\\/fr\\\/\"},{\"@type\":\"ListItem\",\"position\":2,\"name\":\"Produits\",\"item\":\"https:\\\/\\\/coppo.ranise.com\\\/fr\\\/produits\\\/\"},{\"@type\":\"ListItem\",\"position\":3,\"name\":\"PESTO \u00c0 LA SAUGE\"}]},{\"@type\":\"WebSite\",\"@id\":\"https:\\\/\\\/coppo.ranise.com\\\/#website\",\"url\":\"https:\\\/\\\/coppo.ranise.com\\\/\",\"name\":\"Coppo by Ranise srl\",\"description\":\"\",\"potentialAction\":[{\"@type\":\"SearchAction\",\"target\":{\"@type\":\"EntryPoint\",\"urlTemplate\":\"https:\\\/\\\/coppo.ranise.com\\\/?s={search_term_string}\"},\"query-input\":{\"@type\":\"PropertyValueSpecification\",\"valueRequired\":true,\"valueName\":\"search_term_string\"}}],\"inLanguage\":\"fr-FR\"}]}<\/script>\n<!-- \/ Yoast SEO plugin. -->","yoast_head_json":{"title":"PESTO \u00c0 LA SAUGE - Coppo by Ranise srl","robots":{"index":"index","follow":"follow","max-snippet":"max-snippet:-1","max-image-preview":"max-image-preview:large","max-video-preview":"max-video-preview:-1"},"canonical":"https:\/\/coppo.ranise.com\/fr\/products\/pesto-a-la-sauge\/","og_locale":"fr_FR","og_type":"article","og_title":"PESTO \u00c0 LA SAUGE - Coppo by Ranise srl","og_description":"Disponible au formato art: 21283 \u2013 180 g (pi\u00e8ces par carton 12)","og_url":"https:\/\/coppo.ranise.com\/fr\/products\/pesto-a-la-sauge\/","og_site_name":"Coppo by Ranise srl","article_modified_time":"2024-10-17T17:06:46+00:00","og_image":[{"width":1200,"height":1300,"url":"https:\/\/coppo.ranise.com\/wp-content\/uploads\/2024\/10\/pesto-alla-salvia-180.jpg","type":"image\/jpeg"}],"twitter_card":"summary_large_image","twitter_misc":{"Dur\u00e9e de lecture estim\u00e9e":"1 minute"},"schema":{"@context":"https:\/\/schema.org","@graph":[{"@type":"WebPage","@id":"https:\/\/coppo.ranise.com\/fr\/products\/pesto-a-la-sauge\/","url":"https:\/\/coppo.ranise.com\/fr\/products\/pesto-a-la-sauge\/","name":"PESTO \u00c0 LA SAUGE - Coppo by Ranise srl","isPartOf":{"@id":"https:\/\/coppo.ranise.com\/#website"},"primaryImageOfPage":{"@id":"https:\/\/coppo.ranise.com\/fr\/products\/pesto-a-la-sauge\/#primaryimage"},"image":{"@id":"https:\/\/coppo.ranise.com\/fr\/products\/pesto-a-la-sauge\/#primaryimage"},"thumbnailUrl":"https:\/\/coppo.ranise.com\/wp-content\/uploads\/2024\/10\/pesto-alla-salvia-180.jpg","datePublished":"2024-10-07T09:55:34+00:00","dateModified":"2024-10-17T17:06:46+00:00","breadcrumb":{"@id":"https:\/\/coppo.ranise.com\/fr\/products\/pesto-a-la-sauge\/#breadcrumb"},"inLanguage":"fr-FR","potentialAction":[{"@type":"ReadAction","target":["https:\/\/coppo.ranise.com\/fr\/products\/pesto-a-la-sauge\/"]}]},{"@type":"ImageObject","inLanguage":"fr-FR","@id":"https:\/\/coppo.ranise.com\/fr\/products\/pesto-a-la-sauge\/#primaryimage","url":"https:\/\/coppo.ranise.com\/wp-content\/uploads\/2024\/10\/pesto-alla-salvia-180.jpg","contentUrl":"https:\/\/coppo.ranise.com\/wp-content\/uploads\/2024\/10\/pesto-alla-salvia-180.jpg","width":1200,"height":1300},{"@type":"BreadcrumbList","@id":"https:\/\/coppo.ranise.com\/fr\/products\/pesto-a-la-sauge\/#breadcrumb","itemListElement":[{"@type":"ListItem","position":1,"name":"Home","item":"https:\/\/coppo.ranise.com\/fr\/"},{"@type":"ListItem","position":2,"name":"Produits","item":"https:\/\/coppo.ranise.com\/fr\/produits\/"},{"@type":"ListItem","position":3,"name":"PESTO \u00c0 LA SAUGE"}]},{"@type":"WebSite","@id":"https:\/\/coppo.ranise.com\/#website","url":"https:\/\/coppo.ranise.com\/","name":"Coppo by Ranise srl","description":"","potentialAction":[{"@type":"SearchAction","target":{"@type":"EntryPoint","urlTemplate":"https:\/\/coppo.ranise.com\/?s={search_term_string}"},"query-input":{"@type":"PropertyValueSpecification","valueRequired":true,"valueName":"search_term_string"}}],"inLanguage":"fr-FR"}]}},"_links":{"self":[{"href":"https:\/\/coppo.ranise.com\/fr\/wp-json\/wp\/v2\/product\/2514","targetHints":{"allow":["GET"]}}],"collection":[{"href":"https:\/\/coppo.ranise.com\/fr\/wp-json\/wp\/v2\/product"}],"about":[{"href":"https:\/\/coppo.ranise.com\/fr\/wp-json\/wp\/v2\/types\/product"}],"wp:featuredmedia":[{"embeddable":true,"href":"https:\/\/coppo.ranise.com\/fr\/wp-json\/wp\/v2\/media\/2420"}],"wp:attachment":[{"href":"https:\/\/coppo.ranise.com\/fr\/wp-json\/wp\/v2\/media?parent=2514"}],"wp:term":[{"taxonomy":"product_brand","embeddable":true,"href":"https:\/\/coppo.ranise.com\/fr\/wp-json\/wp\/v2\/product_brand?post=2514"},{"taxonomy":"product_cat","embeddable":true,"href":"https:\/\/coppo.ranise.com\/fr\/wp-json\/wp\/v2\/product_cat?post=2514"},{"taxonomy":"product_tag","embeddable":true,"href":"https:\/\/coppo.ranise.com\/fr\/wp-json\/wp\/v2\/product_tag?post=2514"}],"curies":[{"name":"wp","href":"https:\/\/api.w.org\/{rel}","templated":true}]}}